{"id":1481,"date":"2016-01-13T18:29:24","date_gmt":"2016-01-13T15:29:24","guid":{"rendered":"https:\/\/www.racketlon.fi\/?page_id=1481"},"modified":"2025-10-20T09:34:58","modified_gmt":"2025-10-20T07:34:58","slug":"lajitieto","status":"publish","type":"page","link":"https:\/\/www.racketlon.fi\/?page_id=1481","title":{"rendered":"Lajitieto"},"content":{"rendered":"<p><a href=\"https:\/\/www.racketlon.fi\/?page_id=1481\">Historia<\/a> | <a href=\"https:\/\/www.racketlon.fi\/?page_id=47\">S\u00e4\u00e4nn\u00f6t<\/a> | <a href=\"https:\/\/www.racketlon.fi\/?page_id=132\">Seurat<\/a> | <a href=\"https:\/\/www.racketlon.fi\/?page_id=xxx\">Hallit<\/a><\/p>\n<hr \/>\n<h1>Historia<\/h1>\n<p><strong>Mailapelit = Racketlon historiaa<\/strong><br \/>\n1980-luvun alkupuolella Suomen p\u00f6yt\u00e4tennismaajoukkueen pelaajat leirill\u00e4 Pajulahdessa l\u00f6iv\u00e4t pikku vetoja Martti Aution johdolla siit\u00e4 kuka olisi kunkku mailapeleiss\u00e4. Pelit otettiin sen verran vakavasti, ett\u00e4 uudelle harrastukselle laadittiin my\u00f6s tarkat s\u00e4\u00e4nn\u00f6t. Sovittiin ett\u00e4 pelit pelataan kaikissa lajeissa 21 pisteeseen ja sy\u00f6tet\u00e4\u00e4n viisi kertaa per\u00e4kk\u00e4in. N\u00e4in sai alkunsa mailapelit Suomessa ensimm\u00e4isen\u00e4 maailmassa. <\/p>\n<p>Vuonna 1988 p\u00e4\u00e4tettiin j\u00e4rjest\u00e4\u00e4 ensimm\u00e4iset mailapelien SM-kisat Helsingiss\u00e4 Talissa. Kisojen j\u00e4rjestelyist\u00e4 vastasi piinkova squashmies Kalevi Koivula apunaan mailapeli-idean keksij\u00e4 p\u00f6yt\u00e4tennispelaaja Martti Autio sek\u00e4 sulkapallopuolelta Roland von Hertzen. Kalevi Koivula j\u00e4rjesti mailapelien SM-kisoja Talissa vuoteen 1998 asti. Suurimmillaan 90-luvun alkupuolella mukana oli 250 pelaajaa. Lis\u00e4ksi Kale j\u00e4rjesti kes\u00e4isin turnauksia Pajulahdessa ja muutamana vuonna Helsingin piirinmestaruuskilpailun. Kalen panos lajin parissa on ollut korvaamaton. H\u00e4n oli mestari v\u00e4rv\u00e4\u00e4m\u00e4\u00e4n uusia pelaajia lajin pariin. Vuonna 1999 Lahden Kortteliliiga Jari Utriaisen johdolla otti vetovastuun SM-kisojen j\u00e4rjestelyst\u00e4. <\/p>\n<p>Vuonna 2001 pelattiin ensimm\u00e4inen Racketlon World Cup G\u00f6teborgissa. Turnauksessa oli mukana pelaajia Suomesta, Ruotsista, Skotlannista, Ranskasta, Saksasta ja Bulgariasta. Suomalaiset Mikko K\u00e4rkk\u00e4inen ja Katja Aminoff voittivat kultaa. Samana vuonna Hans Mullamaa perusti www.racketlon.com sivuston ja lajista alettiin puhua nimell\u00e4 Racketlon. Vuonna 2002 pelattiin Lahdessa ensimm\u00e4inen kansainv\u00e4linen kisa. Vuonna 2002 perustettiin my\u00f6s International Racketlon Federation IRF josta tuli ep\u00e4virallinen lajin kattoj\u00e4rjest\u00f6 ja sen presidentiksi valittiin Hans Mullamaa. Ensimm\u00e4inen Racketlon World Tour pelattiin 2003 jossa Lahden kisa, Finnish Open oli mukana.<\/p>\n<p><em>Jatkoa tulossa<\/em><\/p>\n","protected":false},"excerpt":{"rendered":"<p>Historia | S\u00e4\u00e4nn\u00f6t | Seurat | Hallit Historia Mailapelit = Racketlon historiaa 1980-luvun alkupuolella Suomen p\u00f6yt\u00e4tennismaajoukkueen pelaajat leirill\u00e4 Pajulahdessa l\u00f6iv\u00e4t pikku vetoja Martti Aution johdolla siit\u00e4 kuka olisi kunkku mailapeleiss\u00e4. Pelit otettiin sen verran vakavasti, ett\u00e4 uudelle harrastukselle laadittiin my\u00f6s tarkat s\u00e4\u00e4nn\u00f6t. Sovittiin ett\u00e4 pelit pelataan kaikissa lajeissa 21 pisteeseen ja sy\u00f6tet\u00e4\u00e4n viisi kertaa per\u00e4kk\u00e4in. &hellip; <a href=\"https:\/\/www.racketlon.fi\/?page_id=1481\" class=\"more-link\">Jatka lukemista<span class=\"screen-reader-text\"> &#8221;Lajitieto&#8221;<\/span><\/a><\/p>\n","protected":false},"author":39,"featured_media":0,"parent":0,"menu_order":0,"comment_status":"closed","ping_status":"closed","template":"","meta":{"footnotes":""},"class_list":["post-1481","page","type-page","status-publish","hentry"],"_links":{"self":[{"href":"https:\/\/www.racketlon.fi\/index.php?rest_route=\/wp\/v2\/pages\/1481","targetHints":{"allow":["GET"]}}],"collection":[{"href":"https:\/\/www.racketlon.fi\/index.php?rest_route=\/wp\/v2\/pages"}],"about":[{"href":"https:\/\/www.racketlon.fi\/index.php?rest_route=\/wp\/v2\/types\/page"}],"author":[{"embeddable":true,"href":"https:\/\/www.racketlon.fi\/index.php?rest_route=\/wp\/v2\/users\/39"}],"replies":[{"embeddable":true,"href":"https:\/\/www.racketlon.fi\/index.php?rest_route=%2Fwp%2Fv2%2Fcomments&post=1481"}],"version-history":[{"count":6,"href":"https:\/\/www.racketlon.fi\/index.php?rest_route=\/wp\/v2\/pages\/1481\/revisions"}],"predecessor-version":[{"id":216013,"href":"https:\/\/www.racketlon.fi\/index.php?rest_route=\/wp\/v2\/pages\/1481\/revisions\/216013"}],"wp:attachment":[{"href":"https:\/\/www.racketlon.fi\/index.php?rest_route=%2Fwp%2Fv2%2Fmedia&parent=1481"}],"curies":[{"name":"wp","href":"https:\/\/api.w.org\/{rel}","templated":true}]}}