{"id":215978,"date":"2025-07-18T08:28:04","date_gmt":"2025-07-18T06:28:04","guid":{"rendered":"https:\/\/www.racketlon.fi\/?page_id=215978"},"modified":"2025-08-31T20:50:48","modified_gmt":"2025-08-31T18:50:48","slug":"rsl-racketlon-sm-2025","status":"publish","type":"page","link":"https:\/\/www.racketlon.fi\/?page_id=215978","title":{"rendered":"RSL Racketlon SM 2025"},"content":{"rendered":"<h1>KILPAILUKUTSU<\/h1>\n<p><strong>RSL RACKETLON SM 2025 &#8211; KAKSINPELI ja NELINPELI<\/strong><\/p>\n<p><strong>Aika:<\/strong> 15.-16.11.2025<br \/>\nKaksinpeli pelataan (p\u00e4\u00e4osin) lauantaina ja nelinpelit (p\u00e4\u00e4osin) sunnuntaina<\/p>\n<p><strong>Paikka:<\/strong> Targa arena, Ullanm\u00e4entie 21, 02750 ESPOO<\/p>\n<p>J\u00e4rjest\u00e4j\u00e4: Suomen Racketlonliitto<\/p>\n<p><strong>Luokat:<\/strong><br \/>\nNaiset A ja B<br \/>\nMiehet A, B ja C<br \/>\nMiehet \/ Naiset 40+, 45+, 50+, 55+, 60+, 65+ ja 70+<br \/>\nPojat ja tyt\u00f6t U21 a U15<br \/>\nNelinpeli MA ja MB \/ N A ja NB<br \/>\nMixed A ja B<\/p>\n<p>Luokan j\u00e4rjest\u00e4minen edellytt\u00e4\u00e4 v\u00e4hint\u00e4\u00e4n nelj\u00e4n pelaajan osallistumista. Pelaajan luokka m\u00e4\u00e4r\u00e4ytyy ensisijaisesti rankingin mukaan. J\u00e4rjest\u00e4j\u00e4 voi yhdist\u00e4\u00e4 luokkia ja pid\u00e4tt\u00e4\u00e4 oikeuden p\u00e4\u00e4tt\u00e4\u00e4 pelaajan luokasta.<\/p>\n<p>J\u00e4rjest\u00e4j\u00e4 ei vakuuta kilpailijoita ja jokainen osallistuu kilpailuun omalla vastuullaan.<br \/>\nLuokat pelataan osanottajam\u00e4\u00e4r\u00e4st\u00e4 riippuen monrad tai 3-4 pelaajan lohkoissa. Jokaiselle pelaajalle taataan v\u00e4hint\u00e4\u00e4n kaksi ottelua.<\/p>\n<p>Pelaajalla on oikeus osallistua kaksinpeli- ja nelinpeliluokkaan.<\/p>\n<p><strong>Ilmoittautuminen:<\/strong> Torstaihin 6.11.20236 menness\u00e4 <a href=\"https:\/\/www.tournamentsoftware.com\/tournament\/0FA3E834-5D7B-4F3E-89A2-B42F7491CF68\"><strong>Tournamentsoftwaressa<\/strong><\/a><\/p>\n<p><strong>Otteluajat:<\/strong> Ottelukaaviot julkaistaan 12.11.2025 osoitteessa www.racketlon.fi<br \/>\nPelit k\u00e4ynnistyv\u00e4t lauantaina 15.11. klo 09:00 ja p\u00e4\u00e4ttyv\u00e4t su 16.11. n. klo 16:00 menness\u00e4.<br \/>\nMahdollisuuksien mukaan kaksinpelit pyrit\u00e4\u00e4n pelaamaan lauantaina ja nelinpelit sunnuntaina.<\/p>\n<p><strong>Kilpailumaksu<\/strong>: Aikuiset: 50 euroa \/ luokka\/pari, Juniorit 35 euroa.<br \/>\nMaksu maksetaan torstaihin 16.11. menness\u00e4 Mobile Paylla numeroon 050 5066459 tai Suomen Racketlonliiton tilille:<br \/>\nDanske Bank<br \/>\nFI06 8000 1571 1270 19<br \/>\nja viestikentt\u00e4\u00e4n merkint\u00e4 &#8221;SM 2025&#8221;! sek\u00e4 pelaajan nimi.<\/p>\n<p><strong>Pallot:<\/strong> Kaikki pallot j\u00e4rjest\u00e4j\u00e4lt\u00e4.<\/p>\n<p><strong>S\u00e4\u00e4nn\u00f6t:<\/strong> Kilpailussa noudatetaan FIR:n pelis\u00e4\u00e4nt\u00f6j\u00e4 ja Suomen<br \/>\nRacketlonliiton kilpailus\u00e4\u00e4nt\u00f6j\u00e4, jotka l\u00f6ytyv\u00e4t osoitteesta www.racketlon.fi.<\/p>\n<p>Lis\u00e4tiedot:<br \/>\nPoku Salo 040 7765320 \/ poku@racketlon.fi<br \/>\nSeppo Raiski 0400 422591 \/ seppo.raiski@ains.fi<\/p>\n","protected":false},"excerpt":{"rendered":"<p>KILPAILUKUTSU RSL RACKETLON SM 2025 &#8211; KAKSINPELI ja NELINPELI Aika: 15.-16.11.2025 Kaksinpeli pelataan (p\u00e4\u00e4osin) lauantaina ja nelinpelit (p\u00e4\u00e4osin) sunnuntaina Paikka: Targa arena, Ullanm\u00e4entie 21, 02750 ESPOO J\u00e4rjest\u00e4j\u00e4: Suomen Racketlonliitto Luokat: Naiset A ja B Miehet A, B ja C Miehet \/ Naiset 40+, 45+, 50+, 55+, 60+, 65+ ja 70+ Pojat ja tyt\u00f6t U21 a &hellip; <a href=\"https:\/\/www.racketlon.fi\/?page_id=215978\" class=\"more-link\">Jatka lukemista<span class=\"screen-reader-text\"> &#8221;RSL Racketlon SM 2025&#8221;<\/span><\/a><\/p>\n","protected":false},"author":39,"featured_media":0,"parent":0,"menu_order":0,"comment_status":"closed","ping_status":"closed","template":"","meta":{"footnotes":""},"class_list":["post-215978","page","type-page","status-publish","hentry"],"_links":{"self":[{"href":"https:\/\/www.racketlon.fi\/index.php?rest_route=\/wp\/v2\/pages\/215978","targetHints":{"allow":["GET"]}}],"collection":[{"href":"https:\/\/www.racketlon.fi\/index.php?rest_route=\/wp\/v2\/pages"}],"about":[{"href":"https:\/\/www.racketlon.fi\/index.php?rest_route=\/wp\/v2\/types\/page"}],"author":[{"embeddable":true,"href":"https:\/\/www.racketlon.fi\/index.php?rest_route=\/wp\/v2\/users\/39"}],"replies":[{"embeddable":true,"href":"https:\/\/www.racketlon.fi\/index.php?rest_route=%2Fwp%2Fv2%2Fcomments&post=215978"}],"version-history":[{"count":7,"href":"https:\/\/www.racketlon.fi\/index.php?rest_route=\/wp\/v2\/pages\/215978\/revisions"}],"predecessor-version":[{"id":215999,"href":"https:\/\/www.racketlon.fi\/index.php?rest_route=\/wp\/v2\/pages\/215978\/revisions\/215999"}],"wp:attachment":[{"href":"https:\/\/www.racketlon.fi\/index.php?rest_route=%2Fwp%2Fv2%2Fmedia&parent=215978"}],"curies":[{"name":"wp","href":"https:\/\/api.w.org\/{rel}","templated":true}]}}