{"id":216119,"date":"2026-05-07T08:02:05","date_gmt":"2026-05-07T06:02:05","guid":{"rendered":"https:\/\/www.racketlon.fi\/?page_id=216119"},"modified":"2026-05-07T10:16:53","modified_gmt":"2026-05-07T08:16:53","slug":"uusi-etusivu","status":"publish","type":"page","link":"https:\/\/www.racketlon.fi\/","title":{"rendered":"Tervetuloa racketlon-perheeseen!"},"content":{"rendered":"<p>Racketlon on mailapelien moniottelu, jossa p\u00e4\u00e4set testaamaan taitojasi nelj\u00e4ss\u00e4 eri lajissa: <strong>p\u00f6yt\u00e4tenniksess\u00e4, sulkapallossa, tenniksess\u00e4<\/strong> ja <strong>squashissa<\/strong>. Yhdess\u00e4 ottelussa pelaat 21 pisteen er\u00e4n jokaista lajia vastustajaasi vastaan. Eniten pisteit\u00e4 lajeista ker\u00e4nnyt voittaa.<\/p>\n<p>Kyseess\u00e4 on matalan kynnyksen laji, johon voi l\u00e4hte\u00e4 helposti mukaan ilman kokemusta kaikista lajeista. Lainav\u00e4lineit\u00e4, neuvoja ja kivoja tyyppej\u00e4 on tarjolla kaikissa racketlon-turnauksissa. Tee el\u00e4m\u00e4si paras mailapelip\u00e4\u00e4t\u00f6s ja l\u00e4hde mukaan!<\/p>\n","protected":false},"excerpt":{"rendered":"<p>Racketlon on mailapelien moniottelu, jossa p\u00e4\u00e4set testaamaan taitojasi nelj\u00e4ss\u00e4 eri lajissa: p\u00f6yt\u00e4tenniksess\u00e4, sulkapallossa, tenniksess\u00e4 ja squashissa. Yhdess\u00e4 ottelussa pelaat 21 pisteen er\u00e4n jokaista lajia vastustajaasi vastaan. Eniten pisteit\u00e4 lajeista ker\u00e4nnyt voittaa. Kyseess\u00e4 on matalan kynnyksen laji, johon voi l\u00e4hte\u00e4 helposti mukaan ilman kokemusta kaikista lajeista. Lainav\u00e4lineit\u00e4, neuvoja ja kivoja tyyppej\u00e4 on tarjolla kaikissa racketlon-turnauksissa. Tee &hellip; <a href=\"https:\/\/www.racketlon.fi\/\" class=\"more-link\">Jatka lukemista<span class=\"screen-reader-text\"> &#8221;Tervetuloa racketlon-perheeseen!&#8221;<\/span><\/a><\/p>\n","protected":false},"author":43,"featured_media":0,"parent":0,"menu_order":0,"comment_status":"closed","ping_status":"closed","template":"","meta":{"footnotes":""},"class_list":["post-216119","page","type-page","status-publish","hentry"],"_links":{"self":[{"href":"https:\/\/www.racketlon.fi\/index.php?rest_route=\/wp\/v2\/pages\/216119","targetHints":{"allow":["GET"]}}],"collection":[{"href":"https:\/\/www.racketlon.fi\/index.php?rest_route=\/wp\/v2\/pages"}],"about":[{"href":"https:\/\/www.racketlon.fi\/index.php?rest_route=\/wp\/v2\/types\/page"}],"author":[{"embeddable":true,"href":"https:\/\/www.racketlon.fi\/index.php?rest_route=\/wp\/v2\/users\/43"}],"replies":[{"embeddable":true,"href":"https:\/\/www.racketlon.fi\/index.php?rest_route=%2Fwp%2Fv2%2Fcomments&post=216119"}],"version-history":[{"count":12,"href":"https:\/\/www.racketlon.fi\/index.php?rest_route=\/wp\/v2\/pages\/216119\/revisions"}],"predecessor-version":[{"id":216175,"href":"https:\/\/www.racketlon.fi\/index.php?rest_route=\/wp\/v2\/pages\/216119\/revisions\/216175"}],"wp:attachment":[{"href":"https:\/\/www.racketlon.fi\/index.php?rest_route=%2Fwp%2Fv2%2Fmedia&parent=216119"}],"curies":[{"name":"wp","href":"https:\/\/api.w.org\/{rel}","templated":true}]}}