{"id":4055,"date":"2021-05-17T11:49:36","date_gmt":"2021-05-17T08:49:36","guid":{"rendered":"https:\/\/www.racketlon.fi\/?page_id=4055"},"modified":"2026-04-17T10:58:16","modified_gmt":"2026-04-17T08:58:16","slug":"lisenssiohjeistus","status":"publish","type":"page","link":"https:\/\/www.racketlon.fi\/?page_id=4055","title":{"rendered":"Lisenssiohjeistus"},"content":{"rendered":"<p><strong>Lisenssiohjeistus pelaajalle:<\/strong><\/p>\n<h2>LISENSSIPAKKO EI VOIMASSA TOISTAISEKSI<\/h2>\n<p>Suomen Racketlonliitto ry:n alaisiin virallisiin kilpailuihin osallistujilta vaaditaan voimassa oleva SRL:n kilpailulisenssi. Lisenssi vaaditaan virallisiin kilpaluokkiin (A, B, C, juniorit) kaksin- sek\u00e4 nelinpeleihin osallistuttaessa. Harrasteluokkiin (D tai alemmat) ei vaadita lisenssi\u00e4. SRL:n kilpailulisenssi on hankittava ennen osallistumista pelaajan ensmm\u00e4iseen kilpailuun. Lisenssin voimassaoloaika on racketlonin pelikausi, eli 1.8. &#8211; 31.7. Aikuisten lisenssin hinta on <strong>14 euroa<\/strong> ja juniorilisenssin <strong>7 euroa<\/strong>. Juniorilisenssiin ovat oikeutettuja kyseisen\u00e4 kilpailukautena viimeist\u00e4\u00e4n 31.12. 19 vuotta t\u00e4ytt\u00e4v\u00e4t ja sit\u00e4 nuoremmat pelaajat.<\/p>\n<p>SRL:n lisenssit hankitaan maksamalla lisenssimaksu Suomen Racketlonliiton pakkitilile <strong>FI06 8000 1571 1270 19<\/strong> ja kirjoittamalla viestikentt\u00e4\u00e4n &#8221;Lisenssi \/ oma nimi&#8221;.<\/p>\n<p>&nbsp;<\/p>\n<p><strong>Lisenssiohje kisaj\u00e4rjest\u00e4jille:<\/strong><br \/>\n&nbsp;<br \/>\nSuomen Racketlonliiton alaisissa kilpailuissa ei en\u00e4\u00e4 ker\u00e4t\u00e4 lisenssimaksuja k\u00e4teisell\u00e4, vaan kaikki lisenssit maksetaan Suomen Racketlonliiton pankkitilille ennen kilpailun alkua. Ota yhteys liittoon lis\u00e4tietoja varten.<\/p>\n","protected":false},"excerpt":{"rendered":"<p>Lisenssiohjeistus pelaajalle: LISENSSIPAKKO EI VOIMASSA TOISTAISEKSI Suomen Racketlonliitto ry:n alaisiin virallisiin kilpailuihin osallistujilta vaaditaan voimassa oleva SRL:n kilpailulisenssi. Lisenssi vaaditaan virallisiin kilpaluokkiin (A, B, C, juniorit) kaksin- sek\u00e4 nelinpeleihin osallistuttaessa. Harrasteluokkiin (D tai alemmat) ei vaadita lisenssi\u00e4. SRL:n kilpailulisenssi on hankittava ennen osallistumista pelaajan ensmm\u00e4iseen kilpailuun. Lisenssin voimassaoloaika on racketlonin pelikausi, eli 1.8. &#8211; 31.7. &hellip; <a href=\"https:\/\/www.racketlon.fi\/?page_id=4055\" class=\"more-link\">Jatka lukemista<span class=\"screen-reader-text\"> &#8221;Lisenssiohjeistus&#8221;<\/span><\/a><\/p>\n","protected":false},"author":39,"featured_media":0,"parent":0,"menu_order":0,"comment_status":"closed","ping_status":"closed","template":"","meta":{"footnotes":""},"class_list":["post-4055","page","type-page","status-publish","hentry"],"_links":{"self":[{"href":"https:\/\/www.racketlon.fi\/index.php?rest_route=\/wp\/v2\/pages\/4055","targetHints":{"allow":["GET"]}}],"collection":[{"href":"https:\/\/www.racketlon.fi\/index.php?rest_route=\/wp\/v2\/pages"}],"about":[{"href":"https:\/\/www.racketlon.fi\/index.php?rest_route=\/wp\/v2\/types\/page"}],"author":[{"embeddable":true,"href":"https:\/\/www.racketlon.fi\/index.php?rest_route=\/wp\/v2\/users\/39"}],"replies":[{"embeddable":true,"href":"https:\/\/www.racketlon.fi\/index.php?rest_route=%2Fwp%2Fv2%2Fcomments&post=4055"}],"version-history":[{"count":6,"href":"https:\/\/www.racketlon.fi\/index.php?rest_route=\/wp\/v2\/pages\/4055\/revisions"}],"predecessor-version":[{"id":216110,"href":"https:\/\/www.racketlon.fi\/index.php?rest_route=\/wp\/v2\/pages\/4055\/revisions\/216110"}],"wp:attachment":[{"href":"https:\/\/www.racketlon.fi\/index.php?rest_route=%2Fwp%2Fv2%2Fmedia&parent=4055"}],"curies":[{"name":"wp","href":"https:\/\/api.w.org\/{rel}","templated":true}]}}