{"id":47,"date":"2006-08-18T09:02:31","date_gmt":"2006-08-18T06:02:31","guid":{"rendered":"https:\/\/www.racketlon.fi\/?page_id=47"},"modified":"2025-10-20T09:40:55","modified_gmt":"2025-10-20T07:40:55","slug":"kilpailusaannot","status":"publish","type":"page","link":"https:\/\/www.racketlon.fi\/?page_id=47","title":{"rendered":"Lajitieto"},"content":{"rendered":"<p><a href=\"https:\/\/www.racketlon.fi\/?page_id=1481\">Historia<\/a> | <a href=\"https:\/\/www.racketlon.fi\/?page_id=47\">S\u00e4\u00e4nn\u00f6t<\/a> | <a href=\"https:\/\/www.racketlon.fi\/?page_id=132\">Seurat<\/a> | <a href=\"https:\/\/www.racketlon.fi\/?page_id=1488\">Hallit<\/a><\/p>\n<hr \/>\n<h1>S\u00e4\u00e4nn\u00f6t lyhyesti<\/h1>\n<p>Racketlonottelu koostuu pingisottelusta, sulkapallo-ottelusta, squashottelusta sek\u00e4 tennisottelusta. Lajit tulee aina pelata edell\u00e4 mainitussa j\u00e4rjestyksess\u00e4. Kaikki lajit pelataan 21:een pisteeseen kahden pisteen erolla, ja lopussa pisteet lasketaan yhteen. Voitettujen lajien lukum\u00e4\u00e4r\u00e4 ei ratkaise racketonottelun voittajaa, vaan se pelaaja, joka ker\u00e4\u00e4 nelj\u00e4st\u00e4 pelist\u00e4 eniten yhteispisteit\u00e4 voittaa.<\/p>\n<p>Esimerkiksi pelaajien A &#8211; B ottelu: P\u00f6yt\u00e4tennis 21 \u00e2\u20ac\u201c 4 Sulkapallo 12 &#8211; 21 Squash 20 &#8211; 22 Tennis 17 &#8211; 21<br \/>\nYhteens\u00e4: 70 &#8211; 68 Pelaaja A on ottelun voittaja.<\/p>\n<p>Mik\u00e4li pelaajien yhteenlasketut ottelupisteet ovat tasan tenniksen j\u00e4lkeen, ratkaistaan voittaja seuraavasti; Suoritetaan arvonta, jonka voittaja saa valita sy\u00f6tt\u00e4\u00e4k\u00f6 vai vastaanottaako. Pelataan yksi piste tenniksess\u00e4 ja pisteen voittaja on koko ottelun voittaja. T\u00e4ss\u00e4 ratkaisevassa pisteess\u00e4 sy\u00f6tt\u00e4j\u00e4ll\u00e4 on vain yksi sy\u00f6tt\u00f6 (ei kakkossy\u00f6tt\u00f6\u00e4).<\/p>\n<p>Racketlonissa seurataan pois lukien sy\u00f6tt\u00f6-, pistelasku ja puoltenvaihtos\u00e4\u00e4nn\u00f6ist\u00e4 osalajien s\u00e4\u00e4nt\u00f6j\u00e4. Jokaisessa lajissa sy\u00f6tet\u00e4\u00e4n kaksi sy\u00f6tt\u00f6\u00e4 putkeen (paitsi tilanteessa 20-20 ja eteenp\u00e4in, jolloin sy\u00f6tet\u00e4\u00e4n yksi sy\u00f6tt\u00f6 kerrallaan), jonka j\u00e4lkeen sy\u00f6tt\u00e4j\u00e4 vaihtuu. Koko ottelun alussa arvotaan kumpi aloittaa sy\u00f6tt\u00e4misen pingiksess\u00e4 ja sen j\u00e4lkeen aloitetaan seuraavat lajit vuoron per\u00e4\u00e4n. Pingiksess\u00e4 aloittava aloittaa siis my\u00f6s sy\u00f6tt\u00e4misen squashissa.<\/p>\n<p>Jokaisen lajin pallotteluaika on kolme minuuttia niin kuin on my\u00f6s lajien v\u00e4linen siirtym\u00e4aika. Yhdentoista pelatun pisteen j\u00e4lkeen vaihdetaan puolia. Puoltenvaihdon aikana sallitaan korkeintaan minuutin mittainen tauko.<\/p>\n<hr \/>\n<h1>RACKETLON KILPAILUS\u00c4\u00c4NN\u00d6T<\/h1>\n<p><strong>1. Kilpailulajit<\/strong><br \/>\nKilpailulajit ovat; p\u00f6yt\u00e4tennis, sulkapallo, squash, ja tennis. Lajit pelataan aina edell\u00e4 mainitussa j\u00e4rjestyksess\u00e4, jos kilpailupaikka ei aseta estett\u00e4 j\u00e4rjest\u00e4\u00e4 n\u00e4in. Lajij\u00e4rjestyst\u00e4 voidaan muuttaa vain jos kilpailupaikka koostuu useammasta pelipaikasta ja kilpailujen sujuva l\u00e4pivieminen edellytt\u00e4\u00e4 j\u00e4rjestyksen muuttamista.<\/p>\n<p><strong>2. Arvonta<\/strong><br \/>\nPeliss\u00e4 suoritetaan yksi arvonta, jolla m\u00e4\u00e4ritet\u00e4\u00e4n kaikkien lajien aloitus sy\u00f6tt\u00f6vuorot.<br \/>\nArvonta suoritetaan mailaa py\u00f6ritt\u00e4m\u00e4ll\u00e4.<br \/>\nVoittaja valitsee ottaako sy\u00f6t\u00f6n vai sy\u00f6t\u00f6n vastaanoton p\u00f6yt\u00e4tenniksess\u00e4. Jos arvonnan voittaja valitsee sy\u00f6tt\u00f6vuoron p\u00f6yt\u00e4tenniksess\u00e4, h\u00e4vinnyt aloittaa sulkapallon, voittaja squashin ja h\u00e4vinnyt tenniksen, eli lajien aloitukset ovat vuoronper\u00e4\u00e4n lajien virallisen pelij\u00e4rjestyksen mukaan.<br \/>\n(S\u00e4\u00e4nt\u00f6muutos hyv\u00e4ksytty FIR:in kokouksessa 11\/2006)<br \/>\nArvonta suoritataan aina lajien virallisen pelij\u00e4rjestyksen mukaisesti, vaikka pelij\u00e4rjestys olisi olosuhteiden takia jokin muu.<\/p>\n<p><strong>3. Pelin kulku<\/strong><br \/>\nKunkin lajin alussa sallitaan lyhyt pallottelu, 3 minuuttia.<br \/>\nOsalajin loputtua pelaajilla on 3 minuuttia aikaa siirty\u00e4 seuraavan lajin suorituspaikalle ja pallotteluaikaa on silloinkin 3 minuttia.<br \/>\nPelaaja sy\u00f6tt\u00e4\u00e4 kaksi (2) sy\u00f6tt\u00f6\u00e4 per\u00e4kk\u00e4in, jonka j\u00e4lkeen sy\u00f6tt\u00f6vuoro vaihtuu.<br \/>\nSy\u00f6tt\u00f6vuoron saanut sy\u00f6tt\u00e4\u00e4 ensimm\u00e4isen sy\u00f6t\u00f6n oikeasta ruudusta ja toisen sy\u00f6t\u00f6n vasemmasta ruudusta (sulkapallo, squash, tennis) normaalien lajis\u00e4\u00e4nt\u00f6jen mukaisesti (tenniksess\u00e4 aina kaksi sy\u00f6tt\u00f6\u00e4).<br \/>\nTilanteesta 20-20 eteenp\u00e4in sy\u00f6tt\u00f6vuoro vaihtuu jokaisen pisteen j\u00e4lkeen. Kaksi ensimm\u00e4ist\u00e4 sy\u00f6tt\u00f6\u00e4 sy\u00f6tet\u00e4\u00e4n oikealta ja kaksi seuraavaa vasemmalta jne, kunnes er\u00e4 on p\u00e4\u00e4ttynyt.<br \/>\nEdellisen lajin p\u00e4\u00e4tytty\u00e4 siirryt\u00e4\u00e4n v\u00e4litt\u00f6m\u00e4sti seuraavaan lajiin.<br \/>\nSy\u00f6tt\u00f6\u00e4 ja pistelaskua lukuun ottamatta, eri lajeissa noudatetaan kunkin lajin omia lajis\u00e4\u00e4nt\u00f6j\u00e4.<\/p>\n<p><strong>3.1 Tuomari ty\u00f6skentely<\/strong><br \/>\nJos peli pelataan ilman tuomaria, kiistatapauksissa (esim. onko pallo oikein vai v\u00e4\u00e4rin) piste pelataan uudestaan.  Jos jompikumpi pelaaja ei suostu pelaamaan palloa uudelleen, pyydet\u00e4\u00e4n j\u00e4rjest\u00e4jilt\u00e4 tuomari paikalle.<\/p>\n<p><strong>4. Pistelasku<\/strong><br \/>\nPelatun pallon voittanut pelaaja saa pisteen, riippumatta kumpi on sy\u00f6tt\u00e4nyt. Kun johdossa oleva pelaaja on saavuttanut 11 pistett\u00e4, suoritetaan puoltenvaihto (p\u00f6yt\u00e4tennis, sulkapallo ja tennis) ja voidaan pit\u00e4\u00e4 1,5 minuutin tauko. <\/p>\n<p>Jokaisessa lajissa peli p\u00e4\u00e4ttyy, kun johdossa oleva pelaaja on voittanut 21 pistett\u00e4 ja saanut v\u00e4hint\u00e4\u00e4n kahden pisteen eron. Tilanteesta 21 \u00e2\u20ac\u201c 20 jatketaan peli\u00e4, kunnes saadaan kahden pisteen ero.<br \/>\n(Muutettu hallituksen p\u00e4\u00e4t\u00f6ksell\u00e4 2.3.2009)<\/p>\n<p>Se pelaaja, joka kahden pelaajan keskin\u00e4isess\u00e4 peliss\u00e4 ker\u00e4\u00e4 enemm\u00e4n pisteit\u00e4 on voittaja. Voitettujen lajien lukum\u00e4\u00e4r\u00e4 ei ratkaise, vaan kaikissa lajeissa saadut yhteispisteet. <\/p>\n<p>Esim. pelaajien  A &#8211; B ottelu;<br \/>\nP\u00f6yt\u00e4tennis 21 &#8211; 4<br \/>\nSulkapallo\t11 &#8211; 21<br \/>\nSquash 22 &#8211; 24<br \/>\nTennis 17 &#8211; 21<br \/>\nYhteens\u00e4: 71 &#8211; 70<br \/>\nPelaaja A on ottelun voittaja.<\/p>\n<p><strong>4.1.<\/strong> Mik\u00e4li pelaajien yhteenlasketut ottelupisteet ovat tasan, ratkaistaan voittaja seuraavasti;<br \/>\nViimeisen lajin j\u00e4lkeen (tennis) suoritetaan arvonta, voittaja saa valita ottaako h\u00e4n sy\u00f6t\u00f6n vai sy\u00f6t\u00f6n vastaanoton.<br \/>\nPelataan 1 (yksi) piste tenniksess\u00e4 ja pisteen voittaja on koko ottelun voittaja. T\u00e4ss\u00e4 ratkaisevassa pisteess\u00e4 sy\u00f6tt\u00e4j\u00e4ll\u00e4 on vain yksi sy\u00f6tt\u00f6 (ei kakkossy\u00f6tt\u00f6\u00e4).<\/p>\n<p><strong>4.1.2.<\/strong> Niiss\u00e4 peliturnauksissa, joissa lajij\u00e4rjestyst\u00e4 on jouduttu muuttamaan ja viimeinen laji on jokin muu kuin tennis, pelataan sen turnauksen mukaisessa viimeisess\u00e4 lajissa yksi ratkaiseva piste kohdan 4.1. mukaisen arvonnan j\u00e4lkeen.<\/p>\n<p><strong>4.1.3.<\/strong> Kilpailupaikan olosuhteiden mukaan on mahdollista pelata sarjojen alkukierrokset kohdan 5 mukaisena lyhytpelin\u00e4 ja v\u00e4lier\u00e4t sek\u00e4 mitaliottelut normaalipituisina.<\/p>\n<p><strong>5. Lyhyt peli<\/strong><br \/>\nLyhyt peliss\u00e4 lajit pelataan 11 pisteeseen ilman er\u00e4taukoja ja peliss\u00e4 sy\u00f6tet\u00e4\u00e4n kaksi (2) sy\u00f6tt\u00f6\u00e4 per\u00e4kk\u00e4in, jonka j\u00e4lkeen sy\u00f6tt\u00f6vuoro vaihtuu.<br \/>\nMuutoin pelataan kohtien 1-4 s\u00e4\u00e4nt\u00f6jen mukaisesti.<\/p>\n<p><!--\n<strong>6. Joukkuekilpailu\nJoukkueen muodostaa kaksi pelaajaa, jotka pelaavat kohtien 1-4 s\u00e4\u00e4nt\u00f6jen mukaisesti seuraavia poikkeuksia lukuun ottamatta;\n\n<\/strong><strong>6.1 Joukkueen pelij\u00e4rjestys<\/strong>\nArvonnassa valitsemiinsa lajeihin joukkue nime\u00e4\u00e4 pelij\u00e4rjestyksens\u00e4 sen j\u00e4lkeen, kun toinen joukkue on nimennyt pelaajiensa pelij\u00e4rjestyksen.\nPelij\u00e4rjestyksen nime\u00e4minen tehd\u00e4\u00e4n laji kerrallaan ennen k.o. lajin aloittamista.\nJoukkueen kummankin pelaajan tulee pelata kaksi lajia 1-pelaajana (aloittajana). Joukkue saa vapaasti p\u00e4\u00e4tt\u00e4\u00e4, miss\u00e4 kahdessa lajissa pelaajat ovat 1-pelaajina.\n\n<strong>6.2. Pelin kulku<\/strong>\nKunkin lajin alussa sallitaan joukkueidensa lajin aloittaville pelaajille lyhyt pallottelu, 3 minuuttia. Sama 3 minuutin pallottelu sallitaan kakkospelaajille, heid\u00e4n aloittaessa omaa peliosuuttaan.\nPeliss\u00e4 sy\u00f6tet\u00e4\u00e4n kaksi (2) sy\u00f6tt\u00f6\u00e4 per\u00e4kk\u00e4in, jonka j\u00e4lkeen sy\u00f6tt\u00f6vuoro vaihtuu.\n\n<strong>6.3. Pistelasku<\/strong>\nLajin aloittaneet pelaajat pelaavat siihen saakka, kunnes johdossa oleva joukkue on saavuttanut 11 pistett\u00e4. Joukkueidensa kakkospelaajat jatkavat t\u00e4st\u00e4 tilanteesta ja pelaavat siihen saakka kunnes johdossa oleva joukkue on saavuttanut 21 pistett\u00e4. \nKakkospelaajien aloittaessa pelin suoritetaan puoltenvaihto (p\u00f6yt\u00e4tennis, sulkapallo ja tennis) ja sy\u00f6tt\u00f6vuoroa jatketaan siit\u00e4 tilanteesta ja sy\u00f6tt\u00f6ruudusta johon ykk\u00f6spelaajat j\u00e4iv\u00e4t. \n--><\/p>\n<p><strong>6. Nelinpeli<\/strong><br \/>\nNelinpeliss\u00e4 noudatetaan kunkin lajin nelinpelis\u00e4\u00e4nt\u00f6j\u00e4, sy\u00f6tt\u00f6\u00e4 ja pistelaskua lukuun ottamatta.  Sy\u00f6tt\u00f6vuorot kohdan 3 mukaisesti kuitenkin niin, ett\u00e4 pelaajat sy\u00f6tt\u00e4v\u00e4t vuorotellen omalla sy\u00f6tt\u00f6vuorollaan, pelaajapari A sy\u00f6tt\u00e4\u00e4 kaksi sy\u00f6tt\u00f6\u00e4 ja seuraavan oman sy\u00f6tt\u00f6vuoron sy\u00f6tt\u00e4\u00e4 pelaajapari B.  Pistelasku ja pelin kulku muutoin kohtien 1-4 s\u00e4\u00e4nt\u00f6jen mukaisesti.<br \/>\nSquash pelataan yksil\u00f6kilpailuna kohtien 6.2. ja 6.3 mukaisesti. Pelaajapari saa p\u00e4\u00e4tt\u00e4\u00e4 kumpi pelaaja aloittaa pelin ja t\u00e4m\u00e4 j\u00e4rjestys on pidett\u00e4v\u00e4 samana koko turnauksen ajan.<\/p>\n<p><strong>7. Ik\u00e4\u00e4n perustuvat luokat<\/strong><br \/>\nJunioripelaaja saa osallistua luokkaan sen kalenterivuoden loppuun ja veteraani sen kalenterivuoden alusta, jonka aikana h\u00e4n t\u00e4ytt\u00e4\u00e4 kyseisen i\u00e4n.<\/p>\n","protected":false},"excerpt":{"rendered":"<p>Historia | S\u00e4\u00e4nn\u00f6t | Seurat | Hallit S\u00e4\u00e4nn\u00f6t lyhyesti Racketlonottelu koostuu pingisottelusta, sulkapallo-ottelusta, squashottelusta sek\u00e4 tennisottelusta. Lajit tulee aina pelata edell\u00e4 mainitussa j\u00e4rjestyksess\u00e4. Kaikki lajit pelataan 21:een pisteeseen kahden pisteen erolla, ja lopussa pisteet lasketaan yhteen. Voitettujen lajien lukum\u00e4\u00e4r\u00e4 ei ratkaise racketonottelun voittajaa, vaan se pelaaja, joka ker\u00e4\u00e4 nelj\u00e4st\u00e4 pelist\u00e4 eniten yhteispisteit\u00e4 voittaa. Esimerkiksi pelaajien &hellip; <a href=\"https:\/\/www.racketlon.fi\/?page_id=47\" class=\"more-link\">Jatka lukemista<span class=\"screen-reader-text\"> &#8221;Lajitieto&#8221;<\/span><\/a><\/p>\n","protected":false},"author":39,"featured_media":0,"parent":0,"menu_order":0,"comment_status":"closed","ping_status":"closed","template":"","meta":{"footnotes":""},"class_list":["post-47","page","type-page","status-publish","hentry"],"_links":{"self":[{"href":"https:\/\/www.racketlon.fi\/index.php?rest_route=\/wp\/v2\/pages\/47","targetHints":{"allow":["GET"]}}],"collection":[{"href":"https:\/\/www.racketlon.fi\/index.php?rest_route=\/wp\/v2\/pages"}],"about":[{"href":"https:\/\/www.racketlon.fi\/index.php?rest_route=\/wp\/v2\/types\/page"}],"author":[{"embeddable":true,"href":"https:\/\/www.racketlon.fi\/index.php?rest_route=\/wp\/v2\/users\/39"}],"replies":[{"embeddable":true,"href":"https:\/\/www.racketlon.fi\/index.php?rest_route=%2Fwp%2Fv2%2Fcomments&post=47"}],"version-history":[{"count":11,"href":"https:\/\/www.racketlon.fi\/index.php?rest_route=\/wp\/v2\/pages\/47\/revisions"}],"predecessor-version":[{"id":216014,"href":"https:\/\/www.racketlon.fi\/index.php?rest_route=\/wp\/v2\/pages\/47\/revisions\/216014"}],"wp:attachment":[{"href":"https:\/\/www.racketlon.fi\/index.php?rest_route=%2Fwp%2Fv2%2Fmedia&parent=47"}],"curies":[{"name":"wp","href":"https:\/\/api.w.org\/{rel}","templated":true}]}}