{"id":7,"date":"2006-01-31T13:22:40","date_gmt":"2006-01-31T11:22:40","guid":{"rendered":"https:\/\/www.racketlon.fi\/testi\/?page_id=7"},"modified":"2024-11-13T14:29:48","modified_gmt":"2024-11-13T12:29:48","slug":"rankingin-maaraytyminen","status":"publish","type":"page","link":"https:\/\/www.racketlon.fi\/?page_id=7","title":{"rendered":"Rankingin m\u00e4\u00e4r\u00e4ytyminen"},"content":{"rendered":"<p><strong>RACKETLONRANKINGIN M\u00c4\u00c4R\u00c4YTYMINEN <span style=\"color: #ff0000;\">(VANHA J\u00c4RJESTELM\u00c4, UUDET M\u00c4\u00c4R\u00c4YTYMISPERUSTEET TULOSSA)<\/span><\/strong><\/p>\n<p><strong>1. Yleist\u00c3\u00a4<\/strong><br \/>\nSuomen racketlonranking laaditaan alla esitetyn j\u00e4rjestelm\u00e4n mukaan, tarkoituksena selkein perustein mitata pelaajien saavutuksia.<\/p>\n<p><strong>2. L\u00e4ht\u00f6kohdat<\/strong><br \/>\nPelaaja saa pisteit\u00e4 osallistuessaan Suomessa j\u00e4rjestett\u00e4v\u00e4\u00e4n racketlonkilpailuun. Maailmanranking huomioidaan kohdan 8. mukaisesti.<\/p>\n<p><strong>3. Pisteiden voimassaolo<\/strong><br \/>\nPelaajan viimeisen 24 kuukauden aikana saavuttamat pisteet huomoidaan rankinglistaa laadittaessa.<\/p>\n<p><strong>4. Listalle p\u00e4\u00e4sy<\/strong><br \/>\nPelaaja luokitellaan, kun h\u00e4nell\u00e4 on pisteisiin oikeuttava sijoitus viimeksi kuluneen 24 kuukauden aikana.<\/p>\n<p><strong>5. Listalta poistaminen<\/strong><br \/>\nPelaaja poistetaan listalta, jos h\u00e4n ei t\u00e4yt\u00e4 edellisess\u00e4 kohdassa mainittua ehtoa. Listalta poistetun pelaajan katsotaan olevan viimeksi m\u00e4\u00e4ritellyll\u00e4 sijalla 12 kuukauden ajan listalta poistamisesta, jonka j\u00e4lkeen pelaaja katsotaan luokittelemattomaksi.<\/p>\n<p><strong>6. Luokat<\/strong><br \/>\nRankinglistaa ei laadita luokkakohtaisesti, mutta lista jaetaan &#8221;symbolisiin&#8221; luokkiin seuraavasti:<\/p>\n<table width=\"325\">\n<tbody>\n<tr>\n<td width=\"75\"><strong>Luokka<br \/>\n<\/strong><\/td>\n<td width=\"125\">Miehet<\/td>\n<td width=\"125\">Naiset<\/td>\n<\/tr>\n<tr>\n<td>A-luokka<\/td>\n<td>sijat 1 &#8211; 16<\/td>\n<td>1 &#8211; 4<\/td>\n<\/tr>\n<tr>\n<td>B-luokka<\/td>\n<td>sijat 17-48<\/td>\n<td>sijat 5 &#8211;<\/td>\n<\/tr>\n<tr>\n<td>C-luokka<\/td>\n<td>sijat 49 &#8211;<\/td>\n<td>sijat xx &#8211; xx<\/td>\n<\/tr>\n<\/tbody>\n<\/table>\n<p><strong>7. Rankinglistan julkaiseminen<\/strong><br \/>\nRankinglista julkaistaan kunkin kilpailun j\u00e4lkeen.<\/p>\n<p><strong>8. Rankingpisteet<\/strong><br \/>\nOsallistuessaan kilpailuun pelaaja saa pisteit\u00e4 alla olevien taulukoiden mukaisesti. Pelaajan osallistuessa useampaan kuin yhteen luokkaan, huomioidaan luokka, jossa pistekertym\u00e4 on suurempi.<br \/>\nM45- ja M55-sarjan pisteet B-luokan pisteiden mukaisesti.<br \/>\nPelaajan siirtyess\u00c3\u00a4 M55 luokkaan h\u00e4n &#8221;saa mukaansa&#8221; M45 luokassa saamansa pisteet sellaisinaan.<\/p>\n<table width=\"250\">\n<tbody>\n<tr>\n<td width=\"50\"><strong>A-LUOKKA<\/strong><\/td>\n<\/tr>\n<tr>\n<td width=\"50\">Os.ott.<\/td>\n<td width=\"50\">4-8<\/td>\n<td width=\"50\">9-16<\/td>\n<td width=\"50\">17-32<\/td>\n<td width=\"50\">33-<\/td>\n<\/tr>\n<tr>\n<td>1<\/td>\n<td>120<\/td>\n<td>140<\/td>\n<td>160<\/td>\n<td>180<\/td>\n<\/tr>\n<tr>\n<td>2<\/td>\n<td>100<\/td>\n<td>120<\/td>\n<td>140<\/td>\n<td>160<\/td>\n<\/tr>\n<tr>\n<td>3<\/td>\n<td>80<\/td>\n<td>100<\/td>\n<td>120<\/td>\n<td>140<\/td>\n<\/tr>\n<tr>\n<td>4<\/td>\n<td>60<\/td>\n<td>80<\/td>\n<td>100<\/td>\n<td>120<\/td>\n<\/tr>\n<tr>\n<td>5-8<\/td>\n<td>40<\/td>\n<td>60<\/td>\n<td>80<\/td>\n<td>100<\/td>\n<\/tr>\n<tr>\n<td>9-16<\/td>\n<td><\/td>\n<td>40<\/td>\n<td>60<\/td>\n<td>80<\/td>\n<\/tr>\n<tr>\n<td>17-32<\/td>\n<td><\/td>\n<td><\/td>\n<td>40<\/td>\n<td>60<\/td>\n<\/tr>\n<tr>\n<td>33 &#8211;<\/td>\n<td><\/td>\n<td><\/td>\n<td><\/td>\n<td>40<\/td>\n<\/tr>\n<tr>\n<td><strong>B-LUOKKA<\/strong><\/td>\n<\/tr>\n<tr>\n<td>Os.ott.<\/td>\n<td>4-8<\/td>\n<td>9-16<\/td>\n<td>17-32<\/td>\n<td>33-<\/td>\n<\/tr>\n<tr>\n<td>1<\/td>\n<td>44<\/td>\n<td>52<\/td>\n<td>60<\/td>\n<td>68<\/td>\n<\/tr>\n<tr>\n<td>2<\/td>\n<td>36<\/td>\n<td>44<\/td>\n<td>52<\/td>\n<td>60<\/td>\n<\/tr>\n<tr>\n<td>3<\/td>\n<td>28<\/td>\n<td>36<\/td>\n<td>44<\/td>\n<td>52<\/td>\n<\/tr>\n<tr>\n<td>4<\/td>\n<td>20<\/td>\n<td>28<\/td>\n<td>36<\/td>\n<td>44<\/td>\n<\/tr>\n<tr>\n<td>5-8<\/td>\n<td>12<\/td>\n<td>20<\/td>\n<td>28<\/td>\n<td>36<\/td>\n<\/tr>\n<tr>\n<td>9-16<\/td>\n<td><\/td>\n<td>12<\/td>\n<td>20<\/td>\n<td>28<\/td>\n<\/tr>\n<tr>\n<td>17-32<\/td>\n<td><\/td>\n<td><\/td>\n<td>12<\/td>\n<td>20<\/td>\n<\/tr>\n<tr>\n<td>33 &#8211;<\/td>\n<td><\/td>\n<td><\/td>\n<td><\/td>\n<td>12<\/td>\n<\/tr>\n<tr>\n<td><strong>C-LUOKKA<\/strong><\/td>\n<\/tr>\n<tr>\n<td>Os.ott.<\/td>\n<td>4-8<\/td>\n<td>9-16<\/td>\n<td>17-32<\/td>\n<td>33-<\/td>\n<\/tr>\n<tr>\n<td>1<\/td>\n<td>15<\/td>\n<td>18<\/td>\n<td>21<\/td>\n<td>24<\/td>\n<\/tr>\n<tr>\n<td>2<\/td>\n<td>12<\/td>\n<td>15<\/td>\n<td>18<\/td>\n<td>21<\/td>\n<\/tr>\n<tr>\n<td>3<\/td>\n<td>9<\/td>\n<td>12<\/td>\n<td>15<\/td>\n<td>18<\/td>\n<\/tr>\n<tr>\n<td>4<\/td>\n<td>6<\/td>\n<td>9<\/td>\n<td>12<\/td>\n<td>15<\/td>\n<\/tr>\n<tr>\n<td>5-8<\/td>\n<td>3<\/td>\n<td>6<\/td>\n<td>9<\/td>\n<td>12<\/td>\n<\/tr>\n<tr>\n<td>9-16<\/td>\n<td><\/td>\n<td>3<\/td>\n<td>6<\/td>\n<td>9<\/td>\n<\/tr>\n<tr>\n<td>17-32<\/td>\n<td><\/td>\n<td><\/td>\n<td>3<\/td>\n<td>6<\/td>\n<\/tr>\n<tr>\n<td>33 &#8211;<\/td>\n<td><\/td>\n<td><\/td>\n<td><\/td>\n<td>3<\/td>\n<\/tr>\n<\/tbody>\n<\/table>\n<p>SM-kilpailussa ja Finnish Openissa pistekertym\u00e4 on 150% yll\u00e4 olevista.<\/p>\n<p>Muissa kuin Finnish Racketlon Touriin kuuluvissa kilpailuissa pistekertym\u00e4 on 70% yll\u00e4 olevista.<br \/>\nSportia Racketlon Tour huomioidaan rankinglistalla seuraavasti:<br \/>\n-syyskauden kolmen kilpailun &#8221;unniataulukko&#8221;lasketaan yhteni\u00e4 kipailuna<br \/>\n-kev\u00e4tkauden lopullinen &#8221;kunniataulukko&#8221; lasketaan yhten\u00e4 kilpailuna<br \/>\nPistekertym\u00e4 on 70% B-luokan pistetaulukosta.<\/p>\n<p>Pelaajaa hyvitet\u00e4\u00e4n maailman rankinglistan sijoituksensa mukaan seuraavasti:<\/p>\n<table width=\"375\">\n<tbody>\n<tr>\n<td width=\"60\"><strong>Sijoitus<\/strong><\/td>\n<td width=\"65\"><strong>Pisteet<\/strong><\/td>\n<td width=\"60\"><strong>Sijoitus<\/strong><\/td>\n<td width=\"65\"><strong>Pisteet<\/strong><\/td>\n<td width=\"60\"><strong>Sijoitus<\/strong><\/td>\n<td width=\"65\"><strong>Pisteet<\/strong><\/td>\n<\/tr>\n<tr>\n<td>1 \u00e2\u20ac\u201c 3<\/td>\n<td>500<\/td>\n<td>4 \u00e2\u20ac\u201c 10<\/td>\n<td>420<\/td>\n<td>11 &#8211; 20<\/td>\n<td>360<\/td>\n<\/tr>\n<tr>\n<td>21 &#8211; 30<\/td>\n<td>300<\/td>\n<td>31 &#8211; 50<\/td>\n<td>240<\/td>\n<td>51 &#8211; 75<\/td>\n<td>180<\/td>\n<\/tr>\n<tr>\n<td>76 \u00e2\u20ac\u201c 100<\/td>\n<td>120<\/td>\n<td>101 \u00e2\u20ac\u201c 150<\/td>\n<td>80<\/td>\n<td>151 \u00e2\u20ac\u201c 200<\/td>\n<td>50<\/td>\n<\/tr>\n<tr>\n<td>201 &#8211; 300<\/td>\n<td>20<\/td>\n<td>301 \u00e2\u20ac\u201c 500<\/td>\n<td>10<\/td>\n<\/tr>\n<tr>\n<td><\/td>\n<\/tr>\n<\/tbody>\n<\/table>\n<p><strong>9. J\u00e4rjestelm\u00e4n voimassaolo<\/strong><br \/>\nT\u00e4m\u00e4 j\u00e4rjestelm\u00e4 on voimassa toistaiseksi ja perusteita tai pistem\u00e4\u00e4ri\u00e4 voidaan muuttaa Suomen Racketlonliiton p\u00e4\u00e4t\u00f6ksell\u00e4.<\/p>\n","protected":false},"excerpt":{"rendered":"<p>RACKETLONRANKINGIN M\u00c4\u00c4R\u00c4YTYMINEN (VANHA J\u00c4RJESTELM\u00c4, UUDET M\u00c4\u00c4R\u00c4YTYMISPERUSTEET TULOSSA) 1. Yleist\u00c3\u00a4 Suomen racketlonranking laaditaan alla esitetyn j\u00e4rjestelm\u00e4n mukaan, tarkoituksena selkein perustein mitata pelaajien saavutuksia. 2. L\u00e4ht\u00f6kohdat Pelaaja saa pisteit\u00e4 osallistuessaan Suomessa j\u00e4rjestett\u00e4v\u00e4\u00e4n racketlonkilpailuun. Maailmanranking huomioidaan kohdan 8. mukaisesti. 3. Pisteiden voimassaolo Pelaajan viimeisen 24 kuukauden aikana saavuttamat pisteet huomoidaan rankinglistaa laadittaessa. 4. Listalle p\u00e4\u00e4sy Pelaaja luokitellaan, kun &hellip; <a href=\"https:\/\/www.racketlon.fi\/?page_id=7\" class=\"more-link\">Jatka lukemista<span class=\"screen-reader-text\"> &#8221;Rankingin m\u00e4\u00e4r\u00e4ytyminen&#8221;<\/span><\/a><\/p>\n","protected":false},"author":39,"featured_media":0,"parent":3,"menu_order":0,"comment_status":"open","ping_status":"open","template":"","meta":{"footnotes":""},"class_list":["post-7","page","type-page","status-publish","hentry"],"_links":{"self":[{"href":"https:\/\/www.racketlon.fi\/index.php?rest_route=\/wp\/v2\/pages\/7","targetHints":{"allow":["GET"]}}],"collection":[{"href":"https:\/\/www.racketlon.fi\/index.php?rest_route=\/wp\/v2\/pages"}],"about":[{"href":"https:\/\/www.racketlon.fi\/index.php?rest_route=\/wp\/v2\/types\/page"}],"author":[{"embeddable":true,"href":"https:\/\/www.racketlon.fi\/index.php?rest_route=\/wp\/v2\/users\/39"}],"replies":[{"embeddable":true,"href":"https:\/\/www.racketlon.fi\/index.php?rest_route=%2Fwp%2Fv2%2Fcomments&post=7"}],"version-history":[{"count":12,"href":"https:\/\/www.racketlon.fi\/index.php?rest_route=\/wp\/v2\/pages\/7\/revisions"}],"predecessor-version":[{"id":215929,"href":"https:\/\/www.racketlon.fi\/index.php?rest_route=\/wp\/v2\/pages\/7\/revisions\/215929"}],"up":[{"embeddable":true,"href":"https:\/\/www.racketlon.fi\/index.php?rest_route=\/wp\/v2\/pages\/3"}],"wp:attachment":[{"href":"https:\/\/www.racketlon.fi\/index.php?rest_route=%2Fwp%2Fv2%2Fmedia&parent=7"}],"curies":[{"name":"wp","href":"https:\/\/api.w.org\/{rel}","templated":true}]}}